{"id":1228,"date":"2019-10-11T12:07:45","date_gmt":"2019-10-11T10:07:45","guid":{"rendered":"http:\/\/cadencebrillante.com\/?page_id=1228"},"modified":"2019-10-11T12:10:55","modified_gmt":"2019-10-11T10:10:55","slug":"contact","status":"publish","type":"page","link":"https:\/\/cadencebrillante.com\/index.php\/contact\/","title":{"rendered":"Contact"},"content":{"rendered":"<p><strong>Vous \u00eates m\u00e9lomane<\/strong><br \/>\nSi vous aimez nos disques, nous serions heureux d\u2019avoir votre commentaire et vous pouvez vous abonner pour nos futurs concerts, disques et projets.<\/p>\n<p><strong>Vous \u00eates programmateur ou organisateur de concert<\/strong><br \/>\nVous pouvez inviter nos artistes, vous ne serez pas d\u00e9\u00e7u par leur interpr\u00e9tation et programme raffin\u00e9.<\/p>\n<p><strong>Vous \u00eates journaliste de radio ou de m\u00e9dias<\/strong><br \/>\nGr\u00e2ce \u00e0 vous, les jeunes talents peuvent diffuser et se pr\u00e9senter au public. N\u2019h\u00e9sitez pas \u00e0 inviter nos artistes dans votre m\u00e9dia.<\/p>\n<p><strong>Vous \u00eates musicien, vous avez un projet<\/strong><br \/>\nSi vous \u00eates pr\u00eat pour r\u00e9aliser votre projet, vous pouvez nous contacter et pr\u00e9senter ce projet. Un lien de vid\u00e9o et une biographie nous aiderons \u00e0 mieux vous conna\u00eetre.<\/p>\n\n<div class=\"wpcf7 no-js\" id=\"wpcf7-f387-o1\" lang=\"en-US\" dir=\"ltr\" data-wpcf7-id=\"387\">\n<div class=\"screen-reader-response\"><p role=\"status\" aria-live=\"polite\" aria-atomic=\"true\"><\/p> <ul><\/ul><\/div>\n<form action=\"\/index.php\/wp-json\/wp\/v2\/pages\/1228#wpcf7-f387-o1\" method=\"post\" class=\"wpcf7-form init\" aria-label=\"Contact form\" novalidate=\"novalidate\" data-status=\"init\">\n<div style=\"display: none;\">\n<input type=\"hidden\" name=\"_wpcf7\" value=\"387\" \/>\n<input type=\"hidden\" name=\"_wpcf7_version\" value=\"6.0.6\" \/>\n<input type=\"hidden\" name=\"_wpcf7_locale\" value=\"en_US\" \/>\n<input type=\"hidden\" name=\"_wpcf7_unit_tag\" value=\"wpcf7-f387-o1\" \/>\n<input type=\"hidden\" name=\"_wpcf7_container_post\" value=\"0\" \/>\n<input type=\"hidden\" name=\"_wpcf7_posted_data_hash\" value=\"\" \/>\n<\/div>\n<div class=\"input-field\">\n\t<p><input size=\"40\" maxlength=\"400\" class=\"wpcf7-form-control wpcf7-text wpcf7-validates-as-required\" id=\"your-name\" aria-required=\"true\" aria-invalid=\"false\" value=\"\" type=\"text\" name=\"your-name\" \/><br \/>\n<label for=\"your-name\">Nom<\/label>\n\t<\/p>\n<\/div>\n<div class=\"input-field\">\n\t<p><input size=\"40\" maxlength=\"400\" class=\"wpcf7-form-control wpcf7-email wpcf7-validates-as-required wpcf7-text wpcf7-validates-as-email\" id=\"your-email\" aria-required=\"true\" aria-invalid=\"false\" value=\"\" type=\"email\" name=\"your-email\" \/><br \/>\n<label for=\"your-email\">Email<\/label>\n\t<\/p>\n<\/div>\n<div class=\"input-field\">\n\t<p><input size=\"40\" maxlength=\"400\" class=\"wpcf7-form-control wpcf7-text wpcf7-validates-as-required\" id=\"your-subject\" aria-required=\"true\" aria-invalid=\"false\" value=\"\" type=\"text\" name=\"your-subject\" \/><br \/>\n<label for=\"your-subject\">Subject<\/label>\n\t<\/p>\n<\/div>\n<div class=\"input-field\">\n\t<p><textarea cols=\"40\" rows=\"10\" maxlength=\"2000\" class=\"wpcf7-form-control wpcf7-textarea materialize-textarea\" id=\"your-message\" aria-invalid=\"false\" name=\"your-message\"><\/textarea><br \/>\n<label for=\"your-message\">Message<\/label>\n\t<\/p>\n<\/div>\n<p><input class=\"wpcf7-form-control wpcf7-submit has-spinner\" type=\"submit\" value=\"Send\" \/>\n<\/p><p style=\"display: none !important;\" class=\"akismet-fields-container\" data-prefix=\"_wpcf7_ak_\"><label>&#916;<textarea name=\"_wpcf7_ak_hp_textarea\" cols=\"45\" rows=\"8\" maxlength=\"100\"><\/textarea><\/label><input type=\"hidden\" id=\"ak_js_1\" name=\"_wpcf7_ak_js\" value=\"135\"\/><script>document.getElementById( \"ak_js_1\" ).setAttribute( \"value\", ( new Date() ).getTime() );<\/script><\/p><div class=\"wpcf7-response-output\" aria-hidden=\"true\"><\/div>\n<\/form>\n<\/div>\n\n","protected":false},"excerpt":{"rendered":"<p>Vous \u00eates m\u00e9lomane Si vous aimez nos disques, nous serions heureux d\u2019avoir votre commentaire et vous pouvez vous abonner pour nos futurs concerts, disques et projets. Vous \u00eates programmateur ou organisateur de concert Vous pouvez inviter nos artistes, vous ne serez pas d\u00e9\u00e7u par leur interpr\u00e9tation et programme raffin\u00e9. Vous [&hellip;]<\/p>\n","protected":false},"author":1,"featured_media":0,"parent":0,"menu_order":0,"comment_status":"closed","ping_status":"closed","template":"","meta":{"_monsterinsights_skip_tracking":false,"_monsterinsights_sitenote_active":false,"_monsterinsights_sitenote_note":"","_monsterinsights_sitenote_category":0,"footnotes":""},"class_list":["post-1228","page","type-page","status-publish","hentry"],"_links":{"self":[{"href":"https:\/\/cadencebrillante.com\/index.php\/wp-json\/wp\/v2\/pages\/1228","targetHints":{"allow":["GET"]}}],"collection":[{"href":"https:\/\/cadencebrillante.com\/index.php\/wp-json\/wp\/v2\/pages"}],"about":[{"href":"https:\/\/cadencebrillante.com\/index.php\/wp-json\/wp\/v2\/types\/page"}],"author":[{"embeddable":true,"href":"https:\/\/cadencebrillante.com\/index.php\/wp-json\/wp\/v2\/users\/1"}],"replies":[{"embeddable":true,"href":"https:\/\/cadencebrillante.com\/index.php\/wp-json\/wp\/v2\/comments?post=1228"}],"version-history":[{"count":3,"href":"https:\/\/cadencebrillante.com\/index.php\/wp-json\/wp\/v2\/pages\/1228\/revisions"}],"predecessor-version":[{"id":1231,"href":"https:\/\/cadencebrillante.com\/index.php\/wp-json\/wp\/v2\/pages\/1228\/revisions\/1231"}],"wp:attachment":[{"href":"https:\/\/cadencebrillante.com\/index.php\/wp-json\/wp\/v2\/media?parent=1228"}],"curies":[{"name":"wp","href":"https:\/\/api.w.org\/{rel}","templated":true}]}}